{"id":499,"date":"2021-02-14T19:23:43","date_gmt":"2021-02-14T19:23:43","guid":{"rendered":"https:\/\/nordictradinghouse.com\/?page_id=419"},"modified":"2021-02-20T21:58:16","modified_gmt":"2021-02-20T21:58:16","slug":"landing","status":"publish","type":"page","link":"https:\/\/nordictradinghouse.com\/SE\/","title":{"rendered":"landing"},"content":{"rendered":"<ul style=\"\">\n<li style=\"\"><span style=\"\">Vancouver, British Columbia, Canada<\/span><\/li>\n<\/ul>\n<ul style=\"\">\n<li style=\"\"><span style=\"\">info@nordictradinghouse.com<\/span><\/li>\n<\/ul>\n<ul style=\"\">\n<li style=\"\"><span style=\"\">+1 236 412 6172<\/span><\/li>\n<\/ul>\n<p><span style=\"\"><a href=\"https:\/\/nordictradinghouse.com\/\"><img alt=\"\" data-id=\"293\" data-init-width=\"1200\" data-init-height=\"600\" title=\"ezgif.com-webp-to-jpg\" src=\"https:\/\/nordictradinghouse.com\/wp-content\/uploads\/2020\/09\/ezgif.com-webp-to-jpg.jpg\" data-width=\"71\" data-height=\"35\" style=\"\" ml-d=\"-1\" data-link-wrap=\"true\" ml-t=\"-9\" center-h-t=\"false\" ml-m=\"-16\" center-h-m=\"false\" width=\"71\" height=\"35\" loading=\"lazy\"><\/a><\/span><span style=\"\"><a href=\"https:\/\/nordictradinghouse.com\/fi\"><img alt=\"\" data-id=\"434\" data-init-width=\"181\" data-init-height=\"137\" title=\"f3\" src=\"https:\/\/nordictradinghouse.com\/wp-content\/uploads\/2021\/02\/f3.png\" data-width=\"62\" data-height=\"47\" style=\"\" mt-d=\"-1\" data-link-wrap=\"true\" ml-m=\"0\" mt-m=\"-5\" center-v-m=\"false\" width=\"62\" height=\"47\" loading=\"lazy\"><\/a><\/span><span style=\"\"><a href=\"https:\/\/nordictradinghouse.com\/SE\"><img alt=\"\" data-id=\"329\" data-init-width=\"400\" data-init-height=\"251\" title=\"flag-400\" src=\"https:\/\/nordictradinghouse.com\/wp-content\/uploads\/2020\/11\/flag-400.png\" data-width=\"64\" data-height=\"40\" style=\"\" mt-d=\"-1\" data-link-wrap=\"true\" ml-m=\"0\" mt-m=\"0\" width=\"64\" height=\"40\" loading=\"lazy\"><\/a><\/span><span><a href=\"https:\/\/nordictradinghouse.com\/\"><img alt=\"\" data-id=\"427\" data-init-width=\"766\" data-init-height=\"222\" title=\"home-page-removebg-preview\" src=\"https:\/\/nordictradinghouse.com\/wp-content\/uploads\/2021\/02\/home-page-removebg-preview.png\" data-width=\"338\" data-height=\"98\" style=\"\" data-link-wrap=\"true\" width=\"338\" height=\"98\" loading=\"lazy\"><\/a><\/span><\/p>\n<h2 style=\"text-align: center;\">F\u00d6RS\u00c4LJNING OCH MARKNADSF\u00d6RING AV NORDISKA PRODUKTER I KANADA OCH USA<\/h2>\n<p><span><img alt=\"\" data-id=\"432\" data-init-width=\"181\" data-init-height=\"137\" title=\"f1\" src=\"https:\/\/nordictradinghouse.com\/wp-content\/uploads\/2021\/02\/f1.png\" data-width=\"219\" data-height=\"166\" style=\"\" width=\"219\" height=\"166\" loading=\"lazy\"><\/span><span><img alt=\"\" data-id=\"433\" data-init-width=\"181\" data-init-height=\"137\" title=\"f2\" src=\"https:\/\/nordictradinghouse.com\/wp-content\/uploads\/2021\/02\/f2.png\" data-width=\"219\" data-height=\"166\" style=\"\" width=\"219\" height=\"166\" loading=\"lazy\"><\/span><span><img alt=\"\" data-id=\"434\" data-init-width=\"181\" data-init-height=\"137\" title=\"f3\" src=\"https:\/\/nordictradinghouse.com\/wp-content\/uploads\/2021\/02\/f3.png\" data-width=\"219\" data-height=\"166\" style=\"\" width=\"219\" height=\"166\" loading=\"lazy\"><\/span><span><img alt=\"\" data-id=\"435\" data-init-width=\"181\" data-init-height=\"137\" title=\"f4\" src=\"https:\/\/nordictradinghouse.com\/wp-content\/uploads\/2021\/02\/f4.png\" data-width=\"219\" data-height=\"166\" style=\"\" width=\"219\" height=\"166\" loading=\"lazy\"><\/span><span><img alt=\"\" data-id=\"436\" data-init-width=\"181\" data-init-height=\"137\" title=\"f5\" src=\"https:\/\/nordictradinghouse.com\/wp-content\/uploads\/2021\/02\/f5.png\" data-width=\"463\" data-height=\"350\" style=\"\" width=\"463\" height=\"350\" loading=\"lazy\"><\/span><span><img alt=\"\" data-id=\"397\" data-init-width=\"324\" data-init-height=\"324\" title=\"distribution icon 1\" src=\"https:\/\/nordictradinghouse.com\/wp-content\/uploads\/2021\/02\/distribution-icon-1.png\" data-width=\"75\" data-height=\"75\" style=\"\" width=\"75\" height=\"75\" loading=\"lazy\"><\/span><\/p>\n<h3 style=\"text-align: center;\"><strong>Distribution<\/strong><\/h3>\n<p style=\"text-align: center;\">All inclusive-paket inklusive marknadsunders\u00f6kningar, import, juridiska kontroller, lagerh\u00e5llning, marknadsf\u00f6ring och f\u00f6rs\u00e4ljning.<\/p>\n<p><span><img alt=\"\" data-id=\"411\" data-init-width=\"380\" data-init-height=\"305\" title=\"partnet icon 1\" src=\"https:\/\/nordictradinghouse.com\/wp-content\/uploads\/2021\/02\/partnet-icon-1.png\" data-width=\"83\" data-height=\"67\" style=\"\" width=\"83\" height=\"67\" loading=\"lazy\"><\/span><\/p>\n<h3 style=\"text-align: center;\"><strong>Partners\u00f6kning<\/strong><\/h3>\n<p style=\"text-align: center;\">Vi hj\u00e4lper er att identifiera och hitta aff\u00e4rspartners som uppfyller era behov.<\/p>\n<p><span><img alt=\"\" data-id=\"414\" data-init-width=\"344\" data-init-height=\"329\" title=\"representaion icon 1\" src=\"https:\/\/nordictradinghouse.com\/wp-content\/uploads\/2021\/02\/representaion-icon-1.png\" data-width=\"80\" data-height=\"77\" style=\"\" width=\"80\" height=\"77\" loading=\"lazy\"><\/span><\/p>\n<h3 style=\"text-align: center;\"><strong>Representation<\/strong><\/h3>\n<p style=\"text-align: center;\">F\u00f6rs\u00e4ljning och marknadsf\u00f6ring av era produkter p\u00e5 provision.<\/p>\n<p><span><img alt=\"\" data-id=\"404\" data-init-width=\"324\" data-init-height=\"324\" title=\"market icon 1\" src=\"https:\/\/nordictradinghouse.com\/wp-content\/uploads\/2021\/02\/market-icon-1.png\" data-width=\"80\" data-height=\"80\" style=\"\" width=\"80\" height=\"80\" loading=\"lazy\"><\/span><\/p>\n<h3 style=\"text-align: center;\"><strong>Marknadsstudier<\/strong><\/h3>\n<p style=\"text-align: center;\">Vi genomf\u00f6r marknadsstudier f\u00f6r att ta reda p\u00e5 potentialen f\u00f6r era produkter och tj\u00e4nster.<\/p>\n<h2>VARF\u00d6R V\u00c4LJA OSS<\/h2>\n<p style=\"text-align: justify;\"><strong>Nordic Trading House \u00e4r en <strong>f\u00f6rs\u00e4ljnings- och marknadsf\u00f6ringsorganisation<\/strong>&nbsp;med bra kombination av&nbsp;<strong>drivkraft<\/strong>,&nbsp;<strong>passion, lokal erfarenhet<\/strong>&nbsp;och v\u00e4l&nbsp;<strong>f\u00f6rfinade processer<\/strong>. Vi har f\u00f6rs\u00e4ljnings-, marknadsf\u00f6rings- och aff\u00e4rsutvecklingserfarenhet fr\u00e5n globala industrif\u00f6retag p\u00e5 flera miljarder dollar.Vi har skapat <strong>b\u00e4sta metoder&nbsp;<\/strong>f\u00f6r att lansera&nbsp;<strong>f\u00f6rs\u00e4ljnings-, marknadsf\u00f6rings<\/strong>&#8211; och&nbsp;<strong>distributionsverksamhet&nbsp;<\/strong><strong>snabbt<\/strong>,&nbsp;<strong>kostnadseffektivt&nbsp;<\/strong>och genom att h\u00e5lla&nbsp;<strong>kunderna i fokus<\/strong>. Vi har&nbsp;<strong>h\u00f6g integritet&nbsp;<\/strong>oavsett vad vi g\u00f6r och v\u00e5rt goda rykte \u00e4r v\u00e5r st\u00f6rsta tillg\u00e5ng. Det s\u00e4kerst\u00e4ller att ert varum\u00e4rke \u00e4r i goda h\u00e4nder.&nbsp;<\/strong><\/p>\n<p><span><img alt=\"\" data-id=\"413\" data-init-width=\"293\" data-init-height=\"434\" title=\"professionalism icon\" src=\"https:\/\/nordictradinghouse.com\/wp-content\/uploads\/2021\/02\/professionalism-icon.png\" data-width=\"55\" data-height=\"81\" style=\"\" width=\"55\" height=\"81\" loading=\"lazy\"><\/span><\/p>\n<h2 style=\"text-align: left;\">Professionalism<\/h2>\n<p style=\"text-align: left;\">Integritet, kunskap, erfarenhet<\/p>\n<p><span><img alt=\"\" data-id=\"395\" data-init-width=\"408\" data-init-height=\"407\" title=\"cost icon\" src=\"https:\/\/nordictradinghouse.com\/wp-content\/uploads\/2021\/02\/cost-icon.png\" data-width=\"55\" data-height=\"55\" style=\"\" width=\"55\" height=\"55\" loading=\"lazy\"><\/span><\/p>\n<h2 style=\"font-size: 28px !important; text-align: left;\">Kostnadseffektivitet<\/h2>\n<p style=\"text-align: left;\">Affordable way to expand to USA<\/p>\n<p><span><img alt=\"\" data-id=\"418\" data-init-width=\"535\" data-init-height=\"429\" title=\"time icon\" src=\"https:\/\/nordictradinghouse.com\/wp-content\/uploads\/2021\/02\/time-icon.png\" data-width=\"55\" data-height=\"44\" style=\"\" width=\"55\" height=\"44\" loading=\"lazy\"><\/span><\/p>\n<h2 style=\"text-align: left;\">Hastighet<\/h2>\n<p style=\"text-align: left;\">Integrity, knowledge, Experience<\/p>\n<p><span><img alt=\"\" data-id=\"402\" data-init-width=\"434\" data-init-height=\"434\" title=\"local icon\" src=\"https:\/\/nordictradinghouse.com\/wp-content\/uploads\/2021\/02\/local-icon.png\" data-width=\"62\" data-height=\"62\" style=\"\" width=\"62\" height=\"62\" loading=\"lazy\"><\/span><\/p>\n<h2 style=\"font-size: 28px !important; text-align: left;\">Lokal upplevelse<\/h2>\n<p style=\"text-align: left;\">Kultur, kontakter, trov\u00e4rdighet<\/p>\n<h2 style=\"text-align: center;\">TEAM<\/h2>\n<p><span><img alt=\"\" data-id=\"437\" data-init-width=\"1564\" data-init-height=\"1564\" title=\"pic 1\" src=\"https:\/\/nordictradinghouse.com\/wp-content\/uploads\/2021\/02\/pic-1.png\" data-width=\"399\" data-height=\"399\" width=\"399\" height=\"399\" loading=\"lazy\"><\/span><\/p>\n<p style=\"text-align: left;\"><span>Jukka \u00e4r en h\u00f6gt ansedd och framg\u00e5ngsrik drivkraft f\u00f6r aff\u00e4rstillv\u00e4xt med en m\u00e5ngsidig bakgrund inom <strong>direkt och indirekt f\u00f6rs\u00e4ljning<\/strong>,&nbsp;<strong>marknadsf\u00f6ring<\/strong>, strategi,&nbsp;<strong>produkt- och tj\u00e4nstehantering<\/strong>. Under de senaste 10+ \u00e5ren har han arbetat i globala f\u00f6retag med flera miljarders oms\u00e4ttning inom bygg-, bil- och skogsindustrin i Kanada, Storbritannien, Filippinerna, Australien och Finland. Jukka har tv\u00e5 universitetmagisterexamen i industriell teknik och f\u00f6retagsfinansiering.<\/span><\/p>\n<h3 style=\"\"><span style=\"\">Jukka Matikainen<\/span><\/h3>\n<p style=\"\"><span style=\"\">Managing Director<\/span><\/p>\n<p><span><img alt=\"\" data-id=\"438\" data-init-width=\"600\" data-init-height=\"600\" title=\"pic 2\" src=\"https:\/\/nordictradinghouse.com\/wp-content\/uploads\/2021\/02\/pic-2.png\" data-width=\"399\" data-height=\"399\" width=\"399\" height=\"399\" loading=\"lazy\"><\/span><\/p>\n<p style=\"text-align: left;\"><span><span>Henna \u00e4r ett riktigt <strong>marknadsf\u00f6ringsproffs<\/strong>&nbsp;med bred erfarenhet av&nbsp;<strong>digital marknadsf\u00f6ring<\/strong>,&nbsp;<strong>sociala medier<\/strong>,&nbsp;<strong>branding<\/strong>,&nbsp;<strong>copywriting<\/strong>&nbsp;och&nbsp;<strong>m\u00e4ssor<\/strong>. Hon har arbetat inom hiss-, spedition- och publiceringsindustrin samt som managementkonsult. Hon har magisterexamen i internationell marknadsf\u00f6ring.<\/span><\/span><\/p>\n<h3 style=\"\"><span>Henna Roine<\/span><\/h3>\n<p style=\"\"><span>Marketing Manager<\/span><\/p>\n<h2 style=\"text-align: left;\">OM OSS<\/h2>\n<p style=\"text-align: justify;\"><strong>Nordic Trading House \u00e4r ett <strong>Vancouver<\/strong>-baserat f\u00f6retag som&nbsp;<strong>hj\u00e4lper nordiska f\u00f6retag<\/strong>&nbsp;att komma \u00e5t den&nbsp;<strong>nordamerikanska marknaden<\/strong>. Vi kan&nbsp;<strong>s\u00e4lja, marknadsf\u00f6ra och distribuera<\/strong>&nbsp;era&nbsp;<strong>produkter p\u00e5 uppdrag av er<\/strong> eller s\u00e5 kan vi hj\u00e4lpa er att genomf\u00f6ra marknadsunders\u00f6kningar innan ni fattar beslutet att expandera till Nordamerika. Vi har kombinerat mer \u00e4n 20 \u00e5rs erfarenhet av aff\u00e4rsutveckling, f\u00f6rs\u00e4ljning och marknadsf\u00f6ring. Vi brinner f\u00f6r att s\u00e4lja och marknadsf\u00f6ra produkter som \u00e4r innovativa, \u00f6kar produktiviteten och minskar p\u00e5 den totala \u00e4gandekostnaden eller g\u00f6r livet b\u00e4ttre. V\u00e5r nordiska bakgrund hj\u00e4lper oss att f\u00f6rst\u00e5 kulturella skillnader och undvika potentiella fallgropar p\u00e5 grund av brist p\u00e5 kulturell och lokal f\u00f6rst\u00e5else och kunskap.<\/strong><\/p>\n<p style=\"text-align: justify;\"><strong>Vi har ett brett <strong>n\u00e4tverk av branschf\u00f6rbindelser<\/strong>,&nbsp;<strong>investerare<\/strong>&nbsp;och&nbsp;<strong>export-organisationer<\/strong>&nbsp;som kanske kan ge er ytterligare st\u00f6d p\u00e5 er resa till Nordamerika. Vi tror att det finns&nbsp;<strong>stora m\u00f6jligheter<\/strong>&nbsp;att uppt\u00e4cka i Nordamerika och vi \u00e4r s\u00e4kra p\u00e5 att de \u00e4r&nbsp;<strong>v\u00e4rda att utforska vidare tillsammans<\/strong>.<\/strong><\/p>\n<p><span><img alt=\"\" data-id=\"391\" data-init-width=\"416\" data-init-height=\"600\" title=\"about us\" src=\"https:\/\/nordictradinghouse.com\/wp-content\/uploads\/2021\/02\/about-us.png\" data-width=\"416\" data-height=\"600\" width=\"416\" height=\"600\" loading=\"lazy\"><\/span><\/p>\n<h2 style=\"text-align: center;\">V\u00c5RA KLIENTER<\/h2>\n<p><span><img alt=\"\" data-id=\"394\" data-init-width=\"545\" data-init-height=\"546\" title=\"construction icon\" src=\"https:\/\/nordictradinghouse.com\/wp-content\/uploads\/2021\/02\/construction-icon.png\" data-width=\"83\" data-height=\"83\" style=\"\" width=\"83\" height=\"83\" loading=\"lazy\"><\/span><\/p>\n<p style=\"text-align: left;\"><strong>Tillverkare av maskiner f\u00f6r byggindustri<\/strong><\/p>\n<p><span><img alt=\"\" data-id=\"401\" data-init-width=\"546\" data-init-height=\"546\" title=\"industrial cloth icon\" src=\"https:\/\/nordictradinghouse.com\/wp-content\/uploads\/2021\/02\/industrial-cloth-icon.png\" data-width=\"83\" data-height=\"83\" style=\"\" width=\"83\" height=\"83\" loading=\"lazy\"><\/span><\/p>\n<h3 style=\"text-align: left;\"><strong>Tillverkare av maskiner f\u00f6r byggindustri<\/strong><\/h3>\n<p><span><img alt=\"\" data-id=\"406\" data-init-width=\"545\" data-init-height=\"546\" title=\"metal icon\" src=\"https:\/\/nordictradinghouse.com\/wp-content\/uploads\/2021\/02\/metal-icon.png\" data-width=\"83\" data-height=\"83\" style=\"\" width=\"83\" height=\"83\" loading=\"lazy\"><\/span><\/p>\n<p style=\"text-align: left;\"><strong>Tillverkare av utrustning f\u00f6r metalltillverkning<\/strong><\/p>\n<p><span><img alt=\"\" data-id=\"417\" data-init-width=\"545\" data-init-height=\"546\" title=\"retail icon\" src=\"https:\/\/nordictradinghouse.com\/wp-content\/uploads\/2021\/02\/retail-icon.png\" data-width=\"83\" data-height=\"83\" style=\"\" width=\"83\" height=\"83\" loading=\"lazy\"><\/span><\/p>\n<h3 style=\"text-align: left;\"><strong>Tillverkare av detaljhandelsutrustning<\/strong><\/h3>\n<p><span><img alt=\"\" data-id=\"400\" data-init-width=\"546\" data-init-height=\"546\" title=\"forest icon\" src=\"https:\/\/nordictradinghouse.com\/wp-content\/uploads\/2021\/02\/forest-icon.png\" data-width=\"83\" data-height=\"83\" style=\"\" width=\"83\" height=\"83\" loading=\"lazy\"><\/span><\/p>\n<p style=\"text-align: left;\"><strong>Skogsindustri<\/strong><\/p>\n<p><span><img alt=\"\" data-id=\"393\" data-init-width=\"545\" data-init-height=\"546\" title=\"automotive icon\" src=\"https:\/\/nordictradinghouse.com\/wp-content\/uploads\/2021\/02\/automotive-icon.png\" data-width=\"83\" data-height=\"83\" style=\"\" width=\"83\" height=\"83\" loading=\"lazy\"><\/span><\/p>\n<h3 style=\"text-align: left;\"><strong>Fordonstillverkning och eftermarknad<\/strong><\/h3>\n<h2 style=\"text-align: center;\">V\u00c5RA TJ\u00c4NSTER<\/h2>\n<p><span><img alt=\"\" data-id=\"398\" data-init-width=\"600\" data-init-height=\"600\" title=\"distribution icon 2\" src=\"https:\/\/nordictradinghouse.com\/wp-content\/uploads\/2021\/02\/distribution-icon-2.png\" data-width=\"211\" data-height=\"211\" style=\"\" width=\"211\" height=\"211\" loading=\"lazy\"><\/span><\/p>\n<h2 style=\"\">Distribution<\/h2>\n<p style=\"text-align: justify;\"><strong>Vi tar hand om distributionen av era produkter i <strong>Kanada<\/strong>&nbsp;eller \u00f6ver&nbsp;<strong>hela Nordamerika<\/strong>. Vi kommer att&nbsp;<strong>ansvara f\u00f6r f\u00f6rs\u00e4ljning<\/strong>,&nbsp;<strong>marknadsf\u00f6ring&nbsp;<\/strong>och&nbsp;<strong>andra viktiga uppgifter&nbsp;<\/strong>som marknadsunders\u00f6kningar, import av produkten, certifieringar, juridiska kontroller, lagerh\u00e5llning och m\u00e4ssor. Den h\u00e4r&nbsp;<strong>nyckelf\u00e4rdiga tj\u00e4nsten&nbsp;<\/strong>hj\u00e4lper er att&nbsp;<strong>expandera<\/strong>&nbsp;till den nordamerikanska marknaden&nbsp;<strong>mycket snabbt&nbsp;<\/strong>och&nbsp;<strong>professionellt&nbsp;<\/strong>med&nbsp;<strong>l\u00e5g risk och investering<\/strong>.<\/strong><\/p>\n<p><span><img alt=\"\" data-id=\"410\" data-init-width=\"1305\" data-init-height=\"1048\" title=\"partner icon 2\" src=\"https:\/\/nordictradinghouse.com\/wp-content\/uploads\/2021\/02\/partner-icon-2.png\" data-width=\"211\" data-height=\"169\" style=\"\" width=\"211\" height=\"169\" loading=\"lazy\"><\/span><\/p>\n<h2 style=\"\">Partners\u00f6kning<\/h2>\n<p style=\"text-align: justify;\"><strong>Vi tar hand om er <strong>distributionspartners\u00f6kning<\/strong>&nbsp;och&nbsp;<strong>hj\u00e4lper er att f\u00f6rhandla distributionsavtal&nbsp;<\/strong>med partners ni har valt. Om vi inte \u00e4r det l\u00e4mpligaste distribut\u00f6rsalternativet f\u00f6r er, hj\u00e4lper vi er g\u00e4rna att hitta r\u00e4tt partner. Vi har alltid kundens b\u00e4sta i \u00e5tanke eftersom vi \u00e4r i den h\u00e4r verksamheten p\u00e5 l\u00e5ng sikt.<\/strong><\/p>\n<p><span><img alt=\"\" data-id=\"415\" data-init-width=\"627\" data-init-height=\"600\" title=\"representaion icon 2\" src=\"https:\/\/nordictradinghouse.com\/wp-content\/uploads\/2021\/02\/representaion-icon-2.png\" data-width=\"192\" data-height=\"183\" style=\"\" width=\"192\" height=\"183\" loading=\"lazy\"><\/span><\/p>\n<h2 style=\"\">Representation<\/h2>\n<p style=\"text-align: justify;\"><strong><strong>Vi tar hand om representation av era produkter i&nbsp;<strong>Kanada&nbsp;<\/strong>eller&nbsp;<strong>i hela Nordamerika<\/strong>. Vi kommer att representera era produkter och vara er&nbsp;<strong>fysiska f\u00f6rs\u00e4ljnings- och marknadsf\u00f6ringsarm&nbsp;<\/strong>f\u00f6r ert f\u00f6retag. Denna partnerskapsmodell \u00e4r&nbsp;<strong>typisk f\u00f6r produkter med h\u00f6gt v\u00e4rde och tekniska produkter.<\/strong>&nbsp;Detta \u00e4r ett alternativ med l\u00e5g risk och l\u00e5g investeringsbehov f\u00f6r att starta verksamhet p\u00e5 en ny marknad.<\/strong><\/strong><\/p>\n<p><span><img alt=\"\" data-id=\"405\" data-init-width=\"600\" data-init-height=\"600\" title=\"market icon 2\" src=\"https:\/\/nordictradinghouse.com\/wp-content\/uploads\/2021\/02\/market-icon-2.png\" data-width=\"211\" data-height=\"211\" style=\"\" width=\"211\" height=\"211\" loading=\"lazy\"><\/span><\/p>\n<h2 style=\"\">Marknadsstudier<\/h2>\n<p style=\"text-align: justify;\"><strong>Vi tar hand om er <strong>marknadsunders\u00f6kning&nbsp;<\/strong>och&nbsp;<strong>produktf\u00e4ltstestning<\/strong>. Innan ni fattar beslutet att expandera till den nordamerikanska marknaden \u00e4r det&nbsp;<strong>viktigt att veta var era tillv\u00e4xtm\u00f6jligheter \u00e4r&nbsp;<\/strong>och&nbsp;<strong>vad som kr\u00e4vs f\u00f6r att f\u00e5nga dem<\/strong>. M\u00e5nga saker g\u00f6rs annorlunda i Nordamerika j\u00e4mf\u00f6rt med Europa och Skandinavien. Det \u00e4r viktigt att&nbsp;<strong>f\u00f6rst\u00e5 kulturen<\/strong>,&nbsp;<strong>konkurrensen<\/strong>,&nbsp;<strong>kundernas behov&nbsp;<\/strong>och preferenser innan man fattar beslutet att expandera.<\/strong><\/p>\n<h1 style=\"text-align: center; color: rgb(255, 255, 255) !important; --tcb-applied-color:rgb(255, 255, 255)     !important;\">Har du en fr\u00e5ga?<\/h1>\n<h1 style=\"text-align: center;\">Ring oss eller fyll i kontaktformul\u00e4ret.<\/h1>\n<h1 style=\"text-align: center;\">Vi skulle \u00e4lska att h\u00f6ra fr\u00e5n er.<\/h1>\n<h1 style=\"text-align: center;\">KONTAKTA OSS<\/h1>\n<p><span><img alt=\"\" data-id=\"392\" data-init-width=\"545\" data-init-height=\"545\" title=\"address icon\" src=\"https:\/\/nordictradinghouse.com\/wp-content\/uploads\/2021\/02\/address-icon.png\" data-width=\"94\" data-height=\"94\" style=\"\" width=\"94\" height=\"94\" loading=\"lazy\"><\/span><\/p>\n<h3 style=\"text-align: center;\">Address<\/h3>\n<p style=\"text-align: center;\"><strong>Vancouver, British Columbia Canada<\/strong><\/p>\n<p><span><img alt=\"\" data-id=\"412\" data-init-width=\"546\" data-init-height=\"546\" title=\"phone icon\" src=\"https:\/\/nordictradinghouse.com\/wp-content\/uploads\/2021\/02\/phone-icon.png\" data-width=\"94\" data-height=\"94\" style=\"\" width=\"94\" height=\"94\" loading=\"lazy\"><\/span><\/p>\n<h3 style=\"text-align: center;\">Telefon<\/h3>\n<p style=\"text-align: center;\"><strong>+1 236 412 6172<\/strong><\/p>\n<p><span><img alt=\"\" data-id=\"399\" data-init-width=\"546\" data-init-height=\"545\" title=\"email icon\" src=\"https:\/\/nordictradinghouse.com\/wp-content\/uploads\/2021\/02\/email-icon.png\" data-width=\"94\" data-height=\"94\" style=\"\" width=\"94\" height=\"94\" loading=\"lazy\"><\/span><\/p>\n<h3 style=\"text-align: center;\">E-Mail<\/h3>\n<p style=\"text-align: center;\"><strong>info@nordictradinghouse.com<\/strong><\/p>\n<p><a href=\"https:\/\/www.linkedin.com\/company\/nordic-trading-house\" target=\"_blank\" rel=\"nofollow noopener noreferrer\" data-id=\"icon-linkedin\"><span>                     <\/span><\/a><\/p>\n<p style=\"text-align: center;\">\u00a9 Nordictradinghouse- 2021 || All Rights Reserved<\/p>\n","protected":false},"excerpt":{"rendered":"<p>Vancouver, British Columbia, Canada info@nordictradinghouse.com +1 236 412 6172 F\u00d6RS\u00c4LJNING OCH MARKNADSF\u00d6RING AV NORDISKA PRODUKTER I KANADA OCH USA Distribution All inclusive-paket inklusive marknadsunders\u00f6kningar, import, juridiska kontroller, lagerh\u00e5llning, marknadsf\u00f6ring och f\u00f6rs\u00e4ljning. Partners\u00f6kning Vi hj\u00e4lper er att identifiera och hitta aff\u00e4rspartners som uppfyller era behov. Representation F\u00f6rs\u00e4ljning och marknadsf\u00f6ring av era produkter p\u00e5 provision. Marknadsstudier Vi [&hellip;]<\/p>\n","protected":false},"author":1,"featured_media":0,"parent":0,"menu_order":0,"comment_status":"closed","ping_status":"open","template":"","meta":[],"_links":{"self":[{"href":"https:\/\/nordictradinghouse.com\/SE\/wp-json\/wp\/v2\/pages\/499"}],"collection":[{"href":"https:\/\/nordictradinghouse.com\/SE\/wp-json\/wp\/v2\/pages"}],"about":[{"href":"https:\/\/nordictradinghouse.com\/SE\/wp-json\/wp\/v2\/types\/page"}],"author":[{"embeddable":true,"href":"https:\/\/nordictradinghouse.com\/SE\/wp-json\/wp\/v2\/users\/1"}],"replies":[{"embeddable":true,"href":"https:\/\/nordictradinghouse.com\/SE\/wp-json\/wp\/v2\/comments?post=499"}],"version-history":[{"count":0,"href":"https:\/\/nordictradinghouse.com\/SE\/wp-json\/wp\/v2\/pages\/499\/revisions"}],"wp:attachment":[{"href":"https:\/\/nordictradinghouse.com\/SE\/wp-json\/wp\/v2\/media?parent=499"}],"curies":[{"name":"wp","href":"https:\/\/api.w.org\/{rel}","templated":true}]}}